{"id":2035,"date":"2020-09-26T22:29:46","date_gmt":"2020-09-26T21:29:46","guid":{"rendered":"http:\/\/autosilnik.com\/?page_id=2035"},"modified":"2020-09-26T22:29:46","modified_gmt":"2020-09-26T21:29:46","slug":"desinmovilizacion-unidades","status":"publish","type":"page","link":"https:\/\/autosilnik.com\/index.php\/desinmovilizacion-unidades\/","title":{"rendered":"Desinmovilizaci\u00f3n unidades"},"content":{"rendered":"<p>[vc_row][vc_column]<div class=\"themetechmount-progress-bar vc_progress_bar wpb_content_element vc_progress-bar-color-skincolor vc_progress-bar-color-skincolor\"><div class=\"tm-pbar-single-bar-w tm-pbar-icon-true\"><div class=\"tm-pbar-icon-w\"><div class=\"tm-vc_icon_element tm-vc_icon_element-outer tm-vc_icon_element-align-left \"><div class=\"tm-vc_icon_element-inner  tm-vc_icon_element-color-skincolor tm-vc_icon_element-size-md tm-vc_icon_element-style- tm-vc_icon_element-background-color-grey\" ><span class=\"tm-vc_icon_element-icon fa fa-thumbs-o-up\" ><\/span><\/div><\/div><\/div><div class=\"vc_general vc_single_bar\"><small class=\"vc_label\">En construcci\u00f3n<\/small> <span class=\"tm-vc_label_units vc_label_units\">90%<\/span><span class=\"vc_bar \" data-percentage-value=\"90\" data-value=\"90\"><\/span><\/div><\/div><\/div>[\/vc_column][\/vc_row][vc_row][vc_column][vc_column_text]<\/p>\n<h5>Esta p\u00e1gina estar\u00e1 disponible pr\u00f3ximamente.<br \/>\nSi tiene alguna duda sobre este tema, no dude en contactar con nosotros o rellenar el siguiente formulario<\/h5>\n<p>[\/vc_column_text][\/vc_column][\/vc_row][vc_row][vc_column tm_shadow=\u00bbyes\u00bb]<div role=\"form\" class=\"wpcf7\" id=\"wpcf7-f1116-o1\" lang=\"en-US\" dir=\"ltr\">\n<div class=\"screen-reader-response\" role=\"alert\" aria-live=\"polite\"><\/div>\n<form action=\"\/index.php\/wp-json\/wp\/v2\/pages\/2035#wpcf7-f1116-o1\" method=\"post\" class=\"wpcf7-form init\" novalidate=\"novalidate\">\n<div style=\"display: none;\">\n<input type=\"hidden\" name=\"_wpcf7\" value=\"1116\" \/>\n<input type=\"hidden\" name=\"_wpcf7_version\" value=\"5.2.2\" \/>\n<input type=\"hidden\" name=\"_wpcf7_locale\" value=\"en_US\" \/>\n<input type=\"hidden\" name=\"_wpcf7_unit_tag\" value=\"wpcf7-f1116-o1\" \/>\n<input type=\"hidden\" name=\"_wpcf7_container_post\" value=\"0\" \/>\n<input type=\"hidden\" name=\"_wpcf7_posted_data_hash\" value=\"\" \/>\n<input type=\"hidden\" name=\"_wpcf7_recaptcha_response\" value=\"\" \/>\n<\/div>\n<div class=\"tm-commonform tm-contact-formone\">\n<div class=\"row\">\n<div class=\"col-md-6\"><span class=\"wpcf7-form-control-wrap your-name\"><input type=\"text\" name=\"your-name\" value=\"\" size=\"40\" class=\"wpcf7-form-control wpcf7-text wpcf7-validates-as-required\" aria-required=\"true\" aria-invalid=\"false\" placeholder=\"Nombre completo\" \/><\/span><\/div>\n<div class=\"col-md-6\"><span class=\"wpcf7-form-control-wrap your-subject\"><input type=\"text\" name=\"your-subject\" value=\"\" size=\"40\" class=\"wpcf7-form-control wpcf7-text wpcf7-validates-as-required\" aria-required=\"true\" aria-invalid=\"false\" placeholder=\"Asunto\" \/><\/span><\/div>\n<\/div>\n<div class=\"row\">\n<div class=\"col-md-6\"><span class=\"wpcf7-form-control-wrap your-email\"><input type=\"email\" name=\"your-email\" value=\"\" size=\"40\" class=\"wpcf7-form-control wpcf7-text wpcf7-email wpcf7-validates-as-required wpcf7-validates-as-email\" aria-required=\"true\" aria-invalid=\"false\" placeholder=\"Correo electr\u00f3nico\" \/><\/span><\/div>\n<div class=\"col-md-6\"><span class=\"wpcf7-form-control-wrap your-phone\"><input type=\"text\" name=\"your-phone\" value=\"\" size=\"40\" class=\"wpcf7-form-control wpcf7-text\" aria-invalid=\"false\" placeholder=\"Tel\u00e9fono\" \/><\/span><\/div>\n<\/div>\n<div class=\"row\">\n<div class=\"col-md-12\"><span class=\"wpcf7-form-control-wrap your-message\"><textarea name=\"your-message\" cols=\"40\" rows=\"4\" class=\"wpcf7-form-control wpcf7-textarea wpcf7-validates-as-required\" aria-required=\"true\" aria-invalid=\"false\" placeholder=\"Mensaje\"><\/textarea><\/span><\/div>\n<\/div>\n<div class=\"tm-textalign-center\"><input type=\"submit\" value=\"ENVIAR\" class=\"wpcf7-form-control wpcf7-submit tm-vc_general tm-vc_btn3 tm-vc_btn3-style-flat tm-vc_btn3-shape-round tm-vc_btn3-color-skincolor\" \/>\n<div class=\"wpcf7-response-output\" role=\"alert\" aria-hidden=\"true\"><\/div>\n<\/div>\n<\/div>\n<\/form><\/div>[\/vc_column][\/vc_row]<\/p>\n","protected":false},"excerpt":{"rendered":"<p>[vc_row][vc_column][\/vc_column][\/vc_row][vc_row][vc_column][vc_column_text] Esta p\u00e1gina estar\u00e1 disponible pr\u00f3ximamente. Si tiene alguna duda sobre este tema, no dude en contactar con nosotros o rellenar el siguiente formulario [\/vc_column_text][\/vc_column][\/vc_row][vc_row][vc_column tm_shadow=\u00bbyes\u00bb][\/vc_column][\/vc_row]<\/p>\n","protected":false},"author":1,"featured_media":0,"parent":0,"menu_order":0,"comment_status":"closed","ping_status":"closed","template":"","meta":[],"_links":{"self":[{"href":"https:\/\/autosilnik.com\/index.php\/wp-json\/wp\/v2\/pages\/2035"}],"collection":[{"href":"https:\/\/autosilnik.com\/index.php\/wp-json\/wp\/v2\/pages"}],"about":[{"href":"https:\/\/autosilnik.com\/index.php\/wp-json\/wp\/v2\/types\/page"}],"author":[{"embeddable":true,"href":"https:\/\/autosilnik.com\/index.php\/wp-json\/wp\/v2\/users\/1"}],"replies":[{"embeddable":true,"href":"https:\/\/autosilnik.com\/index.php\/wp-json\/wp\/v2\/comments?post=2035"}],"version-history":[{"count":1,"href":"https:\/\/autosilnik.com\/index.php\/wp-json\/wp\/v2\/pages\/2035\/revisions"}],"predecessor-version":[{"id":2036,"href":"https:\/\/autosilnik.com\/index.php\/wp-json\/wp\/v2\/pages\/2035\/revisions\/2036"}],"wp:attachment":[{"href":"https:\/\/autosilnik.com\/index.php\/wp-json\/wp\/v2\/media?parent=2035"}],"curies":[{"name":"wp","href":"https:\/\/api.w.org\/{rel}","templated":true}]}}